{"id":627,"date":"2019-11-25T17:18:16","date_gmt":"2019-11-25T17:18:16","guid":{"rendered":"https:\/\/tallereswersin.wordpress.com\/?page_id=627"},"modified":"2022-07-07T09:42:38","modified_gmt":"2022-07-07T14:42:38","slug":"contacto","status":"publish","type":"page","link":"https:\/\/www.wersin.com\/?page_id=627","title":{"rendered":"Cont\u00e1ctenos."},"content":{"rendered":"\n<div class=\"wp-block-cover alignfull is-light has-parallax\" style=\"background-image:url(https:\/\/tallereswersin.files.wordpress.com\/2019\/12\/of1.png)\"><span aria-hidden=\"true\" class=\"wp-block-cover__background has-background-dim\"><\/span><div class=\"wp-block-cover__inner-container is-layout-flow wp-block-cover-is-layout-flow\">\n<p class=\"has-text-align-center has-white-color has-text-color has-large-font-size\">Nuestro equipo de trabajo est\u00e1 listo para ayudarlos, ll\u00e1menos o escr\u00edbanos para tener el placer de atenderlos.<\/p>\n<\/div><\/div>\n\n\n\n<hr class=\"wp-block-separator has-css-opacity\"\/>\n\n\n\n<div class=\"wp-block-jetpack-map alignfull\" data-map-id=\"jp-map-1\" data-map-provider=\"mapbox\" data-api-key=\"pk.eyJ1Ijoid2Vyc2luIiwiYSI6ImNrZnNycHRkMjAyOG8zN3FxeHZqeXQ4M3EifQ.DFo1aj_12sVHTAS6Tkvczg\" data-map-style=\"default\"><\/div>\n\n\n\n<div class=\"wp-block-group alignfull\"><div class=\"wp-block-group__inner-container is-layout-flow wp-block-group-is-layout-flow\">\n<p><\/p>\n\n\n\n<div class=\"wp-block-cover alignfull\"><span aria-hidden=\"true\" class=\"wp-block-cover__background has-background-dim-80 has-background-dim\"><\/span><img decoding=\"async\" class=\"wp-block-cover__image-background wp-image-1391\" alt=\"\" src=\"https:\/\/tallereswersin.files.wordpress.com\/2019\/12\/tw5.jpg\" style=\"object-position:71% 65%\" data-object-fit=\"cover\" data-object-position=\"71% 65%\"\/><div class=\"wp-block-cover__inner-container is-layout-flow wp-block-cover-is-layout-flow\">\n<p><\/p>\n\n\n\n<p class=\"has-text-align-center has-text-color\" style=\"color:#ee315d;font-size:30px\"><strong>Talleres Wersin S.A.S.<\/strong><\/p>\n\n\n\n<p class=\"has-text-align-center\">Todo sustentado con un sistema de Gesti\u00f3n Integrado<\/p>\n\n\n\n<p class=\"has-text-align-center\">ISO 9001   &#8211;   ISO 14001   &#8211;   ISO 45001<\/p>\n\n\n\n<figure class=\"wp-block-embed aligncenter is-type-video is-provider-youtube wp-block-embed-youtube wp-embed-aspect-16-9 wp-has-aspect-ratio\"><div class=\"wp-block-embed__wrapper\">\n<iframe loading=\"lazy\" title=\"Balanceo Din\u00e1mico Talleres Wersin.\" width=\"1000\" height=\"563\" src=\"https:\/\/www.youtube.com\/embed\/om6NVmvonT8?feature=oembed\" frameborder=\"0\" allow=\"accelerometer; autoplay; clipboard-write; encrypted-media; gyroscope; picture-in-picture\" allowfullscreen><\/iframe>\n<\/div><\/figure>\n\n\n\n<figure class=\"wp-block-embed aligncenter is-type-video is-provider-youtube wp-block-embed-youtube wp-embed-aspect-16-9 wp-has-aspect-ratio\"><div class=\"wp-block-embed__wrapper\">\n<iframe loading=\"lazy\" title=\"Mecanizados de Alta Precisi\u00f3n Talleres Wersin\" width=\"1000\" height=\"563\" src=\"https:\/\/www.youtube.com\/embed\/WytQC2wohko?feature=oembed\" frameborder=\"0\" allow=\"accelerometer; autoplay; clipboard-write; encrypted-media; gyroscope; picture-in-picture\" allowfullscreen><\/iframe>\n<\/div><\/figure>\n<\/div><\/div>\n<\/div><\/div>\n\n\n\n<p><\/p>\n","protected":false},"excerpt":{"rendered":"","protected":false},"author":1,"featured_media":0,"parent":0,"menu_order":9,"comment_status":"closed","ping_status":"closed","template":"","meta":{"wp_mapbox_gl_js_media":[],"footnotes":""},"class_list":["post-627","page","type-page","status-publish","hentry"],"jetpack_sharing_enabled":false,"_links":{"self":[{"href":"https:\/\/www.wersin.com\/index.php?rest_route=\/wp\/v2\/pages\/627","targetHints":{"allow":["GET"]}}],"collection":[{"href":"https:\/\/www.wersin.com\/index.php?rest_route=\/wp\/v2\/pages"}],"about":[{"href":"https:\/\/www.wersin.com\/index.php?rest_route=\/wp\/v2\/types\/page"}],"author":[{"embeddable":true,"href":"https:\/\/www.wersin.com\/index.php?rest_route=\/wp\/v2\/users\/1"}],"replies":[{"embeddable":true,"href":"https:\/\/www.wersin.com\/index.php?rest_route=%2Fwp%2Fv2%2Fcomments&post=627"}],"version-history":[{"count":33,"href":"https:\/\/www.wersin.com\/index.php?rest_route=\/wp\/v2\/pages\/627\/revisions"}],"predecessor-version":[{"id":2533,"href":"https:\/\/www.wersin.com\/index.php?rest_route=\/wp\/v2\/pages\/627\/revisions\/2533"}],"wp:attachment":[{"href":"https:\/\/www.wersin.com\/index.php?rest_route=%2Fwp%2Fv2%2Fmedia&parent=627"}],"curies":[{"name":"wp","href":"https:\/\/api.w.org\/{rel}","templated":true}]}}